{"id":12,"date":"2026-04-30T10:27:09","date_gmt":"2026-04-30T09:27:09","guid":{"rendered":"http:\/\/idci.usm.md\/?page_id=12"},"modified":"2026-04-30T10:27:09","modified_gmt":"2026-04-30T09:27:09","slug":"despre","status":"publish","type":"page","link":"https:\/\/idci.usm.md\/?page_id=12","title":{"rendered":"Despre"},"content":{"rendered":"<p style=\"text-align: justify;\"><b>Institutul de Istorie<\/b>\u00a0este persoan\u0103 juridic\u0103 de drept public din sfera \u015ftiin\u0163ei \u015fi inov\u0103rii, subordonat Academiei de \u015etiin\u0163e a Moldovei. Institutul are misiunea de a promova cercet\u0103rile \u015ftiin\u0163ifice fundamentale \u015fi cu caracter aplicativ \u00een domeniul istoriei na\u0163ionale, propaga rezultatele investiga\u0163iilor \u015ftiin\u0163ifice \u015fi implementarea lor \u00een practic\u0103 prin intermediul public\u0103rii \u015fi edit\u0103rii lucr\u0103rilor \u015ftiin\u0163ifice, utiliz\u0103rii lor \u00een procesul de instruire \u015fi educa\u0163ie, contribui la instruirea cadrelor \u015ftiin\u0163ifice de \u00eenalt\u0103 calificare, precum \u015fi alte forme de activitate.<\/p>\n<p style=\"text-align: justify;\">Cercet\u0103rile \u015ftiin\u0163ifice fundamentale \u00een domeniul istoriei Moldovei \u015fi istoriei universale se efectueaz\u0103 \u00een cadrul a patru proiecte institu\u0163ionale:\u00a0<i>Societatea medieval\u0103 \u015fi modern\u0103 a Moldovei \u00een contextul Europei de Est \u015fi Sud-est\u00a0<\/i>(conduc\u0103tor: m.c. D.Dragnev);\u00a0<i>Particularit\u0103\u0163ile vie\u0163ii politice, economice \u015fi culturale ale Republicii Moldova \u00een sec. XX \u2013\u00eenceputul sec. XXI<\/i>\u00a0(conduc\u0103tor: dr. L.Bulmaga);\u00a0<i>Personalit\u0103\u0163i, mentalit\u0103\u0163i \u015fi valori c\u0103rtur\u0103re\u015fti \u00een sistemul de rela\u0163ii na\u0163ionale \u015fi europene (sec. XIV &#8211; XX)<\/i>\u00a0(conduc\u0103tor: m.c. A.E\u015fanu);\u00a0<i>Regiunile \u015fi localit\u0103\u0163ile istorice ale Moldovei \u00een perioada medie \u015fi modern\u0103<\/i>\u00a0(conduc\u0103tor: dr. hab. I.Chirtoag\u0103).<\/p>\n<p style=\"text-align: justify;\">Realiz\u0103rile istoricilor din cadrul Institutului de Istorie sunt prezentate \u00een mod sistematic la conferin\u0163e, sesiuni \u015ftiin\u0163ifice \u015fi simpo\u00adzioane interna\u0163ionale \u015fi republicane. Publica\u0163iile istoricilor institutului sunt \u00eenalt apreciate \u00een recen\u00adziile publicate \u00een revistele \u015ftiin\u0163ifice din \u0163ar\u0103 \u015fi de peste hotare, f\u0103c\u00e2ndu-se trimiteri l\u0430 acestea \u00een diferite lucr\u0103ri \u015ftiin\u0163ifice editate \u00een Rom\u00e2nia, Rusia, Ucrai\u00adna, Polonia, Grecia, Germania, Fran\u0163a etc.<\/p>\n<p style=\"text-align: justify;\">Institutul de Istorie este fondator al\u00a0<i>Revistei de Istorie a Moldovei<\/i>\u00a0(1990) ISNN 1857-2022.<\/p>\n","protected":false},"excerpt":{"rendered":"<p>Institutul de Istorie\u00a0este persoan\u0103 juridic\u0103 de drept public din sfera \u015ftiin\u0163ei \u015fi inov\u0103rii, subordonat Academiei de \u015etiin\u0163e a Moldovei. Institutul are misiunea de a promova cercet\u0103rile \u015ftiin\u0163ifice fundamentale \u015fi cu caracter aplicativ \u00een domeniul istoriei na\u0163ionale, propaga rezultatele investiga\u0163iilor \u015ftiin\u0163ifice \u015fi implementarea lor \u00een practic\u0103 prin intermediul public\u0103rii \u015fi edit\u0103rii lucr\u0103rilor \u015ftiin\u0163ifice, utiliz\u0103rii lor \u00een [&hellip;]<\/p>\n","protected":false},"author":1,"featured_media":0,"parent":0,"menu_order":0,"comment_status":"closed","ping_status":"closed","template":"","meta":{"footnotes":""},"class_list":["post-12","page","type-page","status-publish","hentry"],"_links":{"self":[{"href":"https:\/\/idci.usm.md\/index.php?rest_route=\/wp\/v2\/pages\/12","targetHints":{"allow":["GET"]}}],"collection":[{"href":"https:\/\/idci.usm.md\/index.php?rest_route=\/wp\/v2\/pages"}],"about":[{"href":"https:\/\/idci.usm.md\/index.php?rest_route=\/wp\/v2\/types\/page"}],"author":[{"embeddable":true,"href":"https:\/\/idci.usm.md\/index.php?rest_route=\/wp\/v2\/users\/1"}],"replies":[{"embeddable":true,"href":"https:\/\/idci.usm.md\/index.php?rest_route=%2Fwp%2Fv2%2Fcomments&post=12"}],"version-history":[{"count":1,"href":"https:\/\/idci.usm.md\/index.php?rest_route=\/wp\/v2\/pages\/12\/revisions"}],"predecessor-version":[{"id":13,"href":"https:\/\/idci.usm.md\/index.php?rest_route=\/wp\/v2\/pages\/12\/revisions\/13"}],"wp:attachment":[{"href":"https:\/\/idci.usm.md\/index.php?rest_route=%2Fwp%2Fv2%2Fmedia&parent=12"}],"curies":[{"name":"wp","href":"https:\/\/api.w.org\/{rel}","templated":true}]}}